{"id":861,"date":"2022-02-20T18:13:18","date_gmt":"2022-02-20T17:13:18","guid":{"rendered":"http:\/\/charlottemoysan.com\/?page_id=861"},"modified":"2022-03-08T18:10:35","modified_gmt":"2022-03-08T17:10:35","slug":"mentions-legales","status":"publish","type":"page","link":"https:\/\/charlottemoysan.com\/index.php\/mentions-legales\/","title":{"rendered":"Mentions l\u00e9gales"},"content":{"rendered":"\t\t<div data-elementor-type=\"wp-page\" data-elementor-id=\"861\" class=\"elementor elementor-861\" data-elementor-settings=\"[]\">\n\t\t\t\t\t\t\t<div class=\"elementor-section-wrap\">\n\t\t\t\t\t\t\t<section class=\"elementor-section elementor-top-section elementor-element elementor-element-88beae2 elementor-section-boxed elementor-section-height-default elementor-section-height-default\" data-id=\"88beae2\" data-element_type=\"section\">\n\t\t\t\t\t\t<div class=\"elementor-container elementor-column-gap-default\">\n\t\t\t\t\t<div class=\"elementor-column elementor-col-100 elementor-top-column elementor-element elementor-element-c352b15\" data-id=\"c352b15\" data-element_type=\"column\">\n\t\t\t<div class=\"elementor-widget-wrap elementor-element-populated\">\n\t\t\t\t\t\t\t\t<div class=\"elementor-element elementor-element-3188814 elementor-widget elementor-widget-text-editor\" data-id=\"3188814\" data-element_type=\"widget\" data-widget_type=\"text-editor.default\">\n\t\t\t\t<div class=\"elementor-widget-container\">\n\t\t\t<style>\/*! elementor - v3.5.4 - 23-01-2022 *\/\n.elementor-widget-text-editor.elementor-drop-cap-view-stacked .elementor-drop-cap{background-color:#818a91;color:#fff}.elementor-widget-text-editor.elementor-drop-cap-view-framed .elementor-drop-cap{color:#818a91;border:3px solid;background-color:transparent}.elementor-widget-text-editor:not(.elementor-drop-cap-view-default) .elementor-drop-cap{margin-top:8px}.elementor-widget-text-editor:not(.elementor-drop-cap-view-default) .elementor-drop-cap-letter{width:1em;height:1em}.elementor-widget-text-editor .elementor-drop-cap{float:left;text-align:center;line-height:1;font-size:50px}.elementor-widget-text-editor .elementor-drop-cap-letter{display:inline-block}<\/style>\t\t\t\t<h3>Mentions l\u00e9gales<\/h3><p><strong><span style=\"text-decoration: underline;\">Responsable du site<\/span> :<\/strong><br \/>Charlotte Moysan<br \/>12 impasse Le Devesous<br \/>34270 Fontan\u00e8s<\/p><p>N\u00b0 SIRET : 492 316 864 00031<br \/>N\u00b0 ADELI : 349316489<\/p><p><strong><span style=\"text-decoration: underline;\">Directrice de la publication<\/span> :<br \/><\/strong>Charlotte Moysan<\/p><p><strong><span style=\"text-decoration: underline;\">Cr\u00e9ation et responsable technique<\/span> :<\/strong><br \/>C-lao<br \/>Thierry Girault<br \/>N\u00b0 SIRET : 842 948 192 00039<br \/>Contact : <a href=\"https:\/\/www.lesprojetsfantastiques.fr\/\">https:\/\/www.c-lao.fr<\/a><\/p>\t\t\t\t\t\t<\/div>\n\t\t\t\t<\/div>\n\t\t\t\t\t<\/div>\n\t\t<\/div>\n\t\t\t\t\t\t\t<\/div>\n\t\t<\/section>\n\t\t\t\t\t\t<\/div>\n\t\t\t\t\t<\/div>\n\t\t","protected":false},"excerpt":{"rendered":"<p>Mentions l\u00e9gales Responsable du site :Charlotte Moysan12 impasse Le Devesous34270 Fontan\u00e8s N\u00b0 SIRET : 492 316 864 00031N\u00b0 ADELI : 349316489 Directrice de la publication :Charlotte Moysan Cr\u00e9ation et responsable technique :C-laoThierry GiraultN\u00b0 SIRET : 842 948 192 00039Contact : https:\/\/www.c-lao.fr<\/p>\n","protected":false},"author":2,"featured_media":0,"parent":0,"menu_order":0,"comment_status":"closed","ping_status":"closed","template":"","meta":{"footnotes":""},"class_list":["post-861","page","type-page","status-publish","hentry","has-meta has-sticky-meta"],"yoast_head":"<!-- This site is optimized with the Yoast SEO plugin v18.3 - https:\/\/yoast.com\/wordpress\/plugins\/seo\/ -->\n<title>Mentions l\u00e9gales - Charlotte Moysan<\/title>\n<meta name=\"robots\" content=\"index, follow, max-snippet:-1, max-image-preview:large, max-video-preview:-1\" \/>\n<link rel=\"canonical\" href=\"https:\/\/charlottemoysan.com\/index.php\/mentions-legales\/\" \/>\n<meta property=\"og:locale\" content=\"fr_FR\" \/>\n<meta property=\"og:type\" content=\"article\" \/>\n<meta property=\"og:title\" content=\"Mentions l\u00e9gales - Charlotte Moysan\" \/>\n<meta property=\"og:description\" content=\"Mentions l\u00e9gales Responsable du site :Charlotte Moysan12 impasse Le Devesous34270 Fontan\u00e8s N\u00b0 SIRET : 492 316 864 00031N\u00b0 ADELI : 349316489 Directrice de la publication :Charlotte Moysan Cr\u00e9ation et responsable technique :C-laoThierry GiraultN\u00b0 SIRET : 842 948 192 00039Contact : https:\/\/www.c-lao.fr\" \/>\n<meta property=\"og:url\" content=\"https:\/\/charlottemoysan.com\/index.php\/mentions-legales\/\" \/>\n<meta property=\"og:site_name\" content=\"Charlotte Moysan\" \/>\n<meta property=\"article:modified_time\" content=\"2022-03-08T17:10:35+00:00\" \/>\n<meta name=\"twitter:card\" content=\"summary_large_image\" \/>\n<script type=\"application\/ld+json\" class=\"yoast-schema-graph\">{\"@context\":\"https:\/\/schema.org\",\"@graph\":[{\"@type\":\"Organization\",\"@id\":\"https:\/\/charlottemoysan.com\/#organization\",\"name\":\"psychologue de l'entrepreneur\",\"url\":\"https:\/\/charlottemoysan.com\/\",\"sameAs\":[\"https:\/\/fr.linkedin.com\/in\/charlotte-moysan-kinowski-43b70385a\"],\"logo\":{\"@type\":\"ImageObject\",\"@id\":\"https:\/\/charlottemoysan.com\/#logo\",\"inLanguage\":\"fr-FR\",\"url\":\"http:\/\/charlottemoysan.com\/wp-content\/uploads\/2022\/02\/nuage-mots.png\",\"contentUrl\":\"http:\/\/charlottemoysan.com\/wp-content\/uploads\/2022\/02\/nuage-mots.png\",\"width\":727,\"height\":529,\"caption\":\"psychologue de l'entrepreneur\"},\"image\":{\"@id\":\"https:\/\/charlottemoysan.com\/#logo\"}},{\"@type\":\"WebSite\",\"@id\":\"https:\/\/charlottemoysan.com\/#website\",\"url\":\"https:\/\/charlottemoysan.com\/\",\"name\":\"Charlotte Moysan\",\"description\":\"Psychologue et docteure en Entrepreunariat\",\"publisher\":{\"@id\":\"https:\/\/charlottemoysan.com\/#organization\"},\"potentialAction\":[{\"@type\":\"SearchAction\",\"target\":{\"@type\":\"EntryPoint\",\"urlTemplate\":\"https:\/\/charlottemoysan.com\/?s={search_term_string}\"},\"query-input\":\"required name=search_term_string\"}],\"inLanguage\":\"fr-FR\"},{\"@type\":\"WebPage\",\"@id\":\"https:\/\/charlottemoysan.com\/index.php\/mentions-legales\/#webpage\",\"url\":\"https:\/\/charlottemoysan.com\/index.php\/mentions-legales\/\",\"name\":\"Mentions l\u00e9gales - Charlotte Moysan\",\"isPartOf\":{\"@id\":\"https:\/\/charlottemoysan.com\/#website\"},\"datePublished\":\"2022-02-20T17:13:18+00:00\",\"dateModified\":\"2022-03-08T17:10:35+00:00\",\"breadcrumb\":{\"@id\":\"https:\/\/charlottemoysan.com\/index.php\/mentions-legales\/#breadcrumb\"},\"inLanguage\":\"fr-FR\",\"potentialAction\":[{\"@type\":\"ReadAction\",\"target\":[\"https:\/\/charlottemoysan.com\/index.php\/mentions-legales\/\"]}]},{\"@type\":\"BreadcrumbList\",\"@id\":\"https:\/\/charlottemoysan.com\/index.php\/mentions-legales\/#breadcrumb\",\"itemListElement\":[{\"@type\":\"ListItem\",\"position\":1,\"name\":\"Accueil\",\"item\":\"https:\/\/charlottemoysan.com\/\"},{\"@type\":\"ListItem\",\"position\":2,\"name\":\"Mentions l\u00e9gales\"}]}]}<\/script>\n<!-- \/ Yoast SEO plugin. -->","yoast_head_json":{"title":"Mentions l\u00e9gales - Charlotte Moysan","robots":{"index":"index","follow":"follow","max-snippet":"max-snippet:-1","max-image-preview":"max-image-preview:large","max-video-preview":"max-video-preview:-1"},"canonical":"https:\/\/charlottemoysan.com\/index.php\/mentions-legales\/","og_locale":"fr_FR","og_type":"article","og_title":"Mentions l\u00e9gales - Charlotte Moysan","og_description":"Mentions l\u00e9gales Responsable du site :Charlotte Moysan12 impasse Le Devesous34270 Fontan\u00e8s N\u00b0 SIRET : 492 316 864 00031N\u00b0 ADELI : 349316489 Directrice de la publication :Charlotte Moysan Cr\u00e9ation et responsable technique :C-laoThierry GiraultN\u00b0 SIRET : 842 948 192 00039Contact : https:\/\/www.c-lao.fr","og_url":"https:\/\/charlottemoysan.com\/index.php\/mentions-legales\/","og_site_name":"Charlotte Moysan","article_modified_time":"2022-03-08T17:10:35+00:00","twitter_card":"summary_large_image","schema":{"@context":"https:\/\/schema.org","@graph":[{"@type":"Organization","@id":"https:\/\/charlottemoysan.com\/#organization","name":"psychologue de l'entrepreneur","url":"https:\/\/charlottemoysan.com\/","sameAs":["https:\/\/fr.linkedin.com\/in\/charlotte-moysan-kinowski-43b70385a"],"logo":{"@type":"ImageObject","@id":"https:\/\/charlottemoysan.com\/#logo","inLanguage":"fr-FR","url":"http:\/\/charlottemoysan.com\/wp-content\/uploads\/2022\/02\/nuage-mots.png","contentUrl":"http:\/\/charlottemoysan.com\/wp-content\/uploads\/2022\/02\/nuage-mots.png","width":727,"height":529,"caption":"psychologue de l'entrepreneur"},"image":{"@id":"https:\/\/charlottemoysan.com\/#logo"}},{"@type":"WebSite","@id":"https:\/\/charlottemoysan.com\/#website","url":"https:\/\/charlottemoysan.com\/","name":"Charlotte Moysan","description":"Psychologue et docteure en Entrepreunariat","publisher":{"@id":"https:\/\/charlottemoysan.com\/#organization"},"potentialAction":[{"@type":"SearchAction","target":{"@type":"EntryPoint","urlTemplate":"https:\/\/charlottemoysan.com\/?s={search_term_string}"},"query-input":"required name=search_term_string"}],"inLanguage":"fr-FR"},{"@type":"WebPage","@id":"https:\/\/charlottemoysan.com\/index.php\/mentions-legales\/#webpage","url":"https:\/\/charlottemoysan.com\/index.php\/mentions-legales\/","name":"Mentions l\u00e9gales - Charlotte Moysan","isPartOf":{"@id":"https:\/\/charlottemoysan.com\/#website"},"datePublished":"2022-02-20T17:13:18+00:00","dateModified":"2022-03-08T17:10:35+00:00","breadcrumb":{"@id":"https:\/\/charlottemoysan.com\/index.php\/mentions-legales\/#breadcrumb"},"inLanguage":"fr-FR","potentialAction":[{"@type":"ReadAction","target":["https:\/\/charlottemoysan.com\/index.php\/mentions-legales\/"]}]},{"@type":"BreadcrumbList","@id":"https:\/\/charlottemoysan.com\/index.php\/mentions-legales\/#breadcrumb","itemListElement":[{"@type":"ListItem","position":1,"name":"Accueil","item":"https:\/\/charlottemoysan.com\/"},{"@type":"ListItem","position":2,"name":"Mentions l\u00e9gales"}]}]}},"_links":{"self":[{"href":"https:\/\/charlottemoysan.com\/index.php\/wp-json\/wp\/v2\/pages\/861","targetHints":{"allow":["GET"]}}],"collection":[{"href":"https:\/\/charlottemoysan.com\/index.php\/wp-json\/wp\/v2\/pages"}],"about":[{"href":"https:\/\/charlottemoysan.com\/index.php\/wp-json\/wp\/v2\/types\/page"}],"author":[{"embeddable":true,"href":"https:\/\/charlottemoysan.com\/index.php\/wp-json\/wp\/v2\/users\/2"}],"replies":[{"embeddable":true,"href":"https:\/\/charlottemoysan.com\/index.php\/wp-json\/wp\/v2\/comments?post=861"}],"version-history":[{"count":34,"href":"https:\/\/charlottemoysan.com\/index.php\/wp-json\/wp\/v2\/pages\/861\/revisions"}],"predecessor-version":[{"id":1452,"href":"https:\/\/charlottemoysan.com\/index.php\/wp-json\/wp\/v2\/pages\/861\/revisions\/1452"}],"wp:attachment":[{"href":"https:\/\/charlottemoysan.com\/index.php\/wp-json\/wp\/v2\/media?parent=861"}],"curies":[{"name":"wp","href":"https:\/\/api.w.org\/{rel}","templated":true}]}}