{"id":1231,"date":"2022-03-03T11:09:16","date_gmt":"2022-03-03T10:09:16","guid":{"rendered":"http:\/\/charlottemoysan.com\/?page_id=1231"},"modified":"2022-03-03T11:09:17","modified_gmt":"2022-03-03T10:09:17","slug":"politique-de-confidentialite-2","status":"publish","type":"page","link":"https:\/\/charlottemoysan.com\/index.php\/politique-de-confidentialite-2\/","title":{"rendered":"Politique de confidentialit\u00e9"},"content":{"rendered":"\n<h2 class=\"wp-block-heading\">Qui sommes-nous&nbsp;?<\/h2>\n\n\n\n<p><strong class=\"privacy-policy-tutorial\"> <\/strong>L\u2019adresse de notre site est\u00a0: https:\/\/charlottemoysan.com.<\/p>\n\n\n\n<p>Le site est \u00e9dit\u00e9 par Charlotte Moysan et h\u00e9berg\u00e9 par OVH.<\/p>\n\n\n\n<h2 class=\"wp-block-heading\">Formulaire de contact<\/h2>\n\n\n\n<p><strong class=\"privacy-policy-tutorial\"><\/strong>Le formulaire de contact pr\u00e9sent sur le site est assur\u00e9 par le plugin WPForms pour conserver une copie du message au sein de l\u2019administration du site. Les donn\u00e9es r\u00e9colt\u00e9es par l\u2019interm\u00e9diaire des formulaires servent \u00e0 assurer les \u00e9changes avec l\u2019utilisateur concern\u00e9, elles ne sont pas utilis\u00e9es \u00e0 des fins commerciales et respectent les fonctionnalit\u00e9s en rapport avec le RGPD<\/p>\n\n\n\n<h2 class=\"wp-block-heading\">Cookies<\/h2>\n\n\n\n<p>Si vous vous rendez sur la page de connexion, un cookie temporaire sera cr\u00e9\u00e9 afin de d\u00e9terminer si votre navigateur accepte les cookies. Il ne contient pas de donn\u00e9es personnelles et sera supprim\u00e9 automatiquement \u00e0 la fermeture de votre navigateur.<\/p>\n\n\n\n<p>Lorsque vous vous connecterez, nous mettrons en place un certain nombre de cookies pour enregistrer vos informations de connexion et vos pr\u00e9f\u00e9rences d\u2019\u00e9cran. La dur\u00e9e de vie d\u2019un cookie de connexion est de deux jours, celle d\u2019un cookie d\u2019option d\u2019\u00e9cran est d\u2019un an. Si vous cochez \u00ab&nbsp;Se souvenir de moi&nbsp;\u00bb, votre cookie de connexion sera conserv\u00e9 pendant deux semaines. Si vous vous d\u00e9connectez de votre compte, le cookie de connexion sera effac\u00e9.<\/p>\n\n\n\n<p>En modifiant ou en publiant une publication, un cookie suppl\u00e9mentaire sera enregistr\u00e9 dans votre navigateur. Ce cookie ne comprend aucune donn\u00e9e personnelle. Il indique simplement l\u2019ID de la publication que vous venez de modifier. Il expire au bout d\u2019un jour.<\/p>\n\n\n\n<h2 class=\"wp-block-heading\">Contenu embarqu\u00e9 depuis d\u2019autres sites<\/h2>\n\n\n\n<p><strong class=\"privacy-policy-tutorial\"> <\/strong>Les articles de ce site peuvent inclure des contenus int\u00e9gr\u00e9s (par exemple des vid\u00e9os, images, articles\u2026). Le contenu int\u00e9gr\u00e9 depuis d\u2019autres sites se comporte de la m\u00eame mani\u00e8re que si le visiteur se rendait sur cet autre site.<\/p>\n\n\n\n<p>Ces sites web pourraient collecter des donn\u00e9es sur vous, utiliser des cookies, embarquer des outils de suivis tiers, suivre vos interactions avec ces contenus embarqu\u00e9s si vous disposez d\u2019un compte connect\u00e9 sur leur site web.<\/p>\n\n\n\n<h2 class=\"wp-block-heading\">Utilisation et transmission de vos donn\u00e9es personnelles<\/h2>\n\n\n\n<p><strong class=\"privacy-policy-tutorial\">Vos donn\u00e9es personnelles ne seront pas transmises \u00e0 des tiers.<\/strong><\/p>\n\n\n\n<h2 class=\"wp-block-heading\">Dur\u00e9es de stockage de vos donn\u00e9es<\/h2>\n\n\n\n<p>Si vous laissez un commentaire, le commentaire et ses m\u00e9tadonn\u00e9es sont conserv\u00e9s ind\u00e9finiment. Cela permet de reconna\u00eetre et approuver automatiquement les commentaires suivants au lieu de les laisser dans la file de mod\u00e9ration.<\/p>\n\n\n\n<p>Pour les comptes qui s\u2019inscrivent sur notre site (le cas \u00e9ch\u00e9ant), nous stockons \u00e9galement les donn\u00e9es personnelles indiqu\u00e9es dans leur profil. Tous les comptes peuvent voir, modifier ou supprimer leurs informations personnelles \u00e0 tout moment (\u00e0 l\u2019exception de leur identifiant). Les gestionnaires du site peuvent aussi voir et modifier ces informations.<\/p>\n\n\n\n<h2 class=\"wp-block-heading\">Les droits que vous avez sur vos donn\u00e9es<\/h2>\n\n\n\n<p><strong class=\"privacy-policy-tutorial\"> <\/strong>Si vous avez un compte ou si vous avez laiss\u00e9 des commentaires sur le site, vous pouvez demander \u00e0 recevoir un fichier contenant toutes les donn\u00e9es personnelles que nous poss\u00e9dons \u00e0 votre sujet, incluant celles que vous nous avez fournies. Vous pouvez \u00e9galement demander la suppression des donn\u00e9es personnelles vous concernant. Cela ne prend pas en compte les donn\u00e9es stock\u00e9es \u00e0 des fins administratives, l\u00e9gales ou pour des raisons de s\u00e9curit\u00e9.<\/p>\n\n\n\n<h2 class=\"wp-block-heading\">Informations de contact<\/h2>\n\n\n\n<p>Compl\u00e9tez le formulaire  afin de prendre contact aupr\u00e8s de Charlotte Moysan (en charge des donn\u00e9es personnelles collect\u00e9es sur le site) afin de poser vos questions, demander la collecte des donn\u00e9es vous concernant ou demander l\u2019effacement des donn\u00e9es<\/p>\n","protected":false},"excerpt":{"rendered":"<p>Qui sommes-nous&nbsp;? L\u2019adresse de notre site est\u00a0: https:\/\/charlottemoysan.com. Le site est \u00e9dit\u00e9 par Charlotte Moysan et h\u00e9berg\u00e9 par OVH. Formulaire de contact Le formulaire de contact pr\u00e9sent sur le site est assur\u00e9 par le plugin WPForms pour conserver une copie du message au sein de l\u2019administration du site. Les donn\u00e9es r\u00e9colt\u00e9es par l\u2019interm\u00e9diaire des formulaires &hellip; <\/p>\n","protected":false},"author":2,"featured_media":0,"parent":0,"menu_order":0,"comment_status":"closed","ping_status":"closed","template":"","meta":{"footnotes":""},"class_list":["post-1231","page","type-page","status-publish","hentry","has-meta has-sticky-meta"],"yoast_head":"<!-- This site is optimized with the Yoast SEO plugin v18.3 - https:\/\/yoast.com\/wordpress\/plugins\/seo\/ -->\n<title>Politique de confidentialit\u00e9 - Charlotte Moysan<\/title>\n<meta name=\"robots\" content=\"index, follow, max-snippet:-1, max-image-preview:large, max-video-preview:-1\" \/>\n<link rel=\"canonical\" href=\"https:\/\/charlottemoysan.com\/index.php\/politique-de-confidentialite-2\/\" \/>\n<meta property=\"og:locale\" content=\"fr_FR\" \/>\n<meta property=\"og:type\" content=\"article\" \/>\n<meta property=\"og:title\" content=\"Politique de confidentialit\u00e9 - Charlotte Moysan\" \/>\n<meta property=\"og:description\" content=\"Qui sommes-nous&nbsp;? L\u2019adresse de notre site est\u00a0: https:\/\/charlottemoysan.com. Le site est \u00e9dit\u00e9 par Charlotte Moysan et h\u00e9berg\u00e9 par OVH. Formulaire de contact Le formulaire de contact pr\u00e9sent sur le site est assur\u00e9 par le plugin WPForms pour conserver une copie du message au sein de l\u2019administration du site. Les donn\u00e9es r\u00e9colt\u00e9es par l\u2019interm\u00e9diaire des formulaires &hellip;\" \/>\n<meta property=\"og:url\" content=\"https:\/\/charlottemoysan.com\/index.php\/politique-de-confidentialite-2\/\" \/>\n<meta property=\"og:site_name\" content=\"Charlotte Moysan\" \/>\n<meta property=\"article:modified_time\" content=\"2022-03-03T10:09:17+00:00\" \/>\n<meta name=\"twitter:card\" content=\"summary_large_image\" \/>\n<meta name=\"twitter:label1\" content=\"Dur\u00e9e de lecture estim\u00e9e\" \/>\n\t<meta name=\"twitter:data1\" content=\"3 minutes\" \/>\n<script type=\"application\/ld+json\" class=\"yoast-schema-graph\">{\"@context\":\"https:\/\/schema.org\",\"@graph\":[{\"@type\":\"Organization\",\"@id\":\"https:\/\/charlottemoysan.com\/#organization\",\"name\":\"psychologue de l'entrepreneur\",\"url\":\"https:\/\/charlottemoysan.com\/\",\"sameAs\":[\"https:\/\/fr.linkedin.com\/in\/charlotte-moysan-kinowski-43b70385a\"],\"logo\":{\"@type\":\"ImageObject\",\"@id\":\"https:\/\/charlottemoysan.com\/#logo\",\"inLanguage\":\"fr-FR\",\"url\":\"http:\/\/charlottemoysan.com\/wp-content\/uploads\/2022\/02\/nuage-mots.png\",\"contentUrl\":\"http:\/\/charlottemoysan.com\/wp-content\/uploads\/2022\/02\/nuage-mots.png\",\"width\":727,\"height\":529,\"caption\":\"psychologue de l'entrepreneur\"},\"image\":{\"@id\":\"https:\/\/charlottemoysan.com\/#logo\"}},{\"@type\":\"WebSite\",\"@id\":\"https:\/\/charlottemoysan.com\/#website\",\"url\":\"https:\/\/charlottemoysan.com\/\",\"name\":\"Charlotte Moysan\",\"description\":\"Psychologue et docteure en Entrepreunariat\",\"publisher\":{\"@id\":\"https:\/\/charlottemoysan.com\/#organization\"},\"potentialAction\":[{\"@type\":\"SearchAction\",\"target\":{\"@type\":\"EntryPoint\",\"urlTemplate\":\"https:\/\/charlottemoysan.com\/?s={search_term_string}\"},\"query-input\":\"required name=search_term_string\"}],\"inLanguage\":\"fr-FR\"},{\"@type\":\"WebPage\",\"@id\":\"https:\/\/charlottemoysan.com\/index.php\/politique-de-confidentialite-2\/#webpage\",\"url\":\"https:\/\/charlottemoysan.com\/index.php\/politique-de-confidentialite-2\/\",\"name\":\"Politique de confidentialit\u00e9 - Charlotte Moysan\",\"isPartOf\":{\"@id\":\"https:\/\/charlottemoysan.com\/#website\"},\"datePublished\":\"2022-03-03T10:09:16+00:00\",\"dateModified\":\"2022-03-03T10:09:17+00:00\",\"breadcrumb\":{\"@id\":\"https:\/\/charlottemoysan.com\/index.php\/politique-de-confidentialite-2\/#breadcrumb\"},\"inLanguage\":\"fr-FR\",\"potentialAction\":[{\"@type\":\"ReadAction\",\"target\":[\"https:\/\/charlottemoysan.com\/index.php\/politique-de-confidentialite-2\/\"]}]},{\"@type\":\"BreadcrumbList\",\"@id\":\"https:\/\/charlottemoysan.com\/index.php\/politique-de-confidentialite-2\/#breadcrumb\",\"itemListElement\":[{\"@type\":\"ListItem\",\"position\":1,\"name\":\"Accueil\",\"item\":\"https:\/\/charlottemoysan.com\/\"},{\"@type\":\"ListItem\",\"position\":2,\"name\":\"Politique de confidentialit\u00e9\"}]}]}<\/script>\n<!-- \/ Yoast SEO plugin. -->","yoast_head_json":{"title":"Politique de confidentialit\u00e9 - Charlotte Moysan","robots":{"index":"index","follow":"follow","max-snippet":"max-snippet:-1","max-image-preview":"max-image-preview:large","max-video-preview":"max-video-preview:-1"},"canonical":"https:\/\/charlottemoysan.com\/index.php\/politique-de-confidentialite-2\/","og_locale":"fr_FR","og_type":"article","og_title":"Politique de confidentialit\u00e9 - Charlotte Moysan","og_description":"Qui sommes-nous&nbsp;? L\u2019adresse de notre site est\u00a0: https:\/\/charlottemoysan.com. Le site est \u00e9dit\u00e9 par Charlotte Moysan et h\u00e9berg\u00e9 par OVH. Formulaire de contact Le formulaire de contact pr\u00e9sent sur le site est assur\u00e9 par le plugin WPForms pour conserver une copie du message au sein de l\u2019administration du site. Les donn\u00e9es r\u00e9colt\u00e9es par l\u2019interm\u00e9diaire des formulaires &hellip;","og_url":"https:\/\/charlottemoysan.com\/index.php\/politique-de-confidentialite-2\/","og_site_name":"Charlotte Moysan","article_modified_time":"2022-03-03T10:09:17+00:00","twitter_card":"summary_large_image","twitter_misc":{"Dur\u00e9e de lecture estim\u00e9e":"3 minutes"},"schema":{"@context":"https:\/\/schema.org","@graph":[{"@type":"Organization","@id":"https:\/\/charlottemoysan.com\/#organization","name":"psychologue de l'entrepreneur","url":"https:\/\/charlottemoysan.com\/","sameAs":["https:\/\/fr.linkedin.com\/in\/charlotte-moysan-kinowski-43b70385a"],"logo":{"@type":"ImageObject","@id":"https:\/\/charlottemoysan.com\/#logo","inLanguage":"fr-FR","url":"http:\/\/charlottemoysan.com\/wp-content\/uploads\/2022\/02\/nuage-mots.png","contentUrl":"http:\/\/charlottemoysan.com\/wp-content\/uploads\/2022\/02\/nuage-mots.png","width":727,"height":529,"caption":"psychologue de l'entrepreneur"},"image":{"@id":"https:\/\/charlottemoysan.com\/#logo"}},{"@type":"WebSite","@id":"https:\/\/charlottemoysan.com\/#website","url":"https:\/\/charlottemoysan.com\/","name":"Charlotte Moysan","description":"Psychologue et docteure en Entrepreunariat","publisher":{"@id":"https:\/\/charlottemoysan.com\/#organization"},"potentialAction":[{"@type":"SearchAction","target":{"@type":"EntryPoint","urlTemplate":"https:\/\/charlottemoysan.com\/?s={search_term_string}"},"query-input":"required name=search_term_string"}],"inLanguage":"fr-FR"},{"@type":"WebPage","@id":"https:\/\/charlottemoysan.com\/index.php\/politique-de-confidentialite-2\/#webpage","url":"https:\/\/charlottemoysan.com\/index.php\/politique-de-confidentialite-2\/","name":"Politique de confidentialit\u00e9 - Charlotte Moysan","isPartOf":{"@id":"https:\/\/charlottemoysan.com\/#website"},"datePublished":"2022-03-03T10:09:16+00:00","dateModified":"2022-03-03T10:09:17+00:00","breadcrumb":{"@id":"https:\/\/charlottemoysan.com\/index.php\/politique-de-confidentialite-2\/#breadcrumb"},"inLanguage":"fr-FR","potentialAction":[{"@type":"ReadAction","target":["https:\/\/charlottemoysan.com\/index.php\/politique-de-confidentialite-2\/"]}]},{"@type":"BreadcrumbList","@id":"https:\/\/charlottemoysan.com\/index.php\/politique-de-confidentialite-2\/#breadcrumb","itemListElement":[{"@type":"ListItem","position":1,"name":"Accueil","item":"https:\/\/charlottemoysan.com\/"},{"@type":"ListItem","position":2,"name":"Politique de confidentialit\u00e9"}]}]}},"_links":{"self":[{"href":"https:\/\/charlottemoysan.com\/index.php\/wp-json\/wp\/v2\/pages\/1231","targetHints":{"allow":["GET"]}}],"collection":[{"href":"https:\/\/charlottemoysan.com\/index.php\/wp-json\/wp\/v2\/pages"}],"about":[{"href":"https:\/\/charlottemoysan.com\/index.php\/wp-json\/wp\/v2\/types\/page"}],"author":[{"embeddable":true,"href":"https:\/\/charlottemoysan.com\/index.php\/wp-json\/wp\/v2\/users\/2"}],"replies":[{"embeddable":true,"href":"https:\/\/charlottemoysan.com\/index.php\/wp-json\/wp\/v2\/comments?post=1231"}],"version-history":[{"count":1,"href":"https:\/\/charlottemoysan.com\/index.php\/wp-json\/wp\/v2\/pages\/1231\/revisions"}],"predecessor-version":[{"id":1233,"href":"https:\/\/charlottemoysan.com\/index.php\/wp-json\/wp\/v2\/pages\/1231\/revisions\/1233"}],"wp:attachment":[{"href":"https:\/\/charlottemoysan.com\/index.php\/wp-json\/wp\/v2\/media?parent=1231"}],"curies":[{"name":"wp","href":"https:\/\/api.w.org\/{rel}","templated":true}]}}